{"id":16570,"date":"2021-11-30T10:15:25","date_gmt":"2021-11-30T10:15:25","guid":{"rendered":"https:\/\/parquetspeinado.com\/marques\/"},"modified":"2023-12-26T11:16:01","modified_gmt":"2023-12-26T11:16:01","slug":"marques","status":"publish","type":"page","link":"https:\/\/parquetspeinado.com\/ca\/marques\/","title":{"rendered":"Marques"},"content":{"rendered":"<div class=\"wpb-content-wrapper\"><p>[vc_row css_animation=&#8221;&#8221; row_type=&#8221;row&#8221; use_row_as_full_screen_section=&#8221;no&#8221; type=&#8221;grid&#8221; angled_section=&#8221;no&#8221; text_align=&#8221;left&#8221; background_image_as_pattern=&#8221;without_pattern&#8221; z_index=&#8221;&#8221;][vc_column][vc_empty_space][\/vc_column][\/vc_row][vc_row css_animation=&#8221;&#8221; row_type=&#8221;row&#8221; use_row_as_full_screen_section=&#8221;no&#8221; type=&#8221;grid&#8221; angled_section=&#8221;no&#8221; text_align=&#8221;left&#8221; background_image_as_pattern=&#8221;without_pattern&#8221; z_index=&#8221;&#8221; css=&#8221;.vc_custom_1615477468623{background-image: url(https:\/\/parquetspeinado.com\/wp-content\/uploads\/2021\/03\/fondo2.png?id=15385) !important;background-position: center !important;background-repeat: no-repeat !important;background-size: cover !important;}&#8221; padding_bottom=&#8221;60&#8243;][vc_column][vc_single_image image=&#8221;16343&#8243; img_size=&#8221;full&#8221; alignment=&#8221;center&#8221; qode_css_animation=&#8221;&#8221;][vc_separator type=&#8221;transparent&#8221; up=&#8221;23&#8243; down=&#8221;0&#8243;][vc_column_text]<\/p>\n<h3 style=\"text-align: center;\">LA MILLOR SELECCI\u00d3 DE PRODUCTES<\/h3>\n<p>[\/vc_column_text][vc_separator type=&#8221;transparent&#8221; up=&#8221;15&#8243; down=&#8221;0&#8243;][vc_column_text]<\/p>\n<p style=\"text-align: center;\">Com a aut\u00e8ntics professionals seleccionem les millors marques del mercat per oferir una qualitat m\u00e0xima als nostres treballs.<\/p>\n<p style=\"text-align: center;\">Cadascun dels fabricants amb qu\u00e8 treballem compten amb els m\u00e9s estrictes contols de qualitat, i satisfan totes les garanties exigibles de la normativa europea.<\/p>\n<p>[\/vc_column_text][\/vc_column][\/vc_row][vc_row css_animation=&#8221;&#8221; row_type=&#8221;row&#8221; use_row_as_full_screen_section=&#8221;no&#8221; type=&#8221;grid&#8221; angled_section=&#8221;no&#8221; text_align=&#8221;center&#8221; background_image_as_pattern=&#8221;without_pattern&#8221; z_index=&#8221;&#8221; padding_bottom=&#8221;60&#8243; padding_top=&#8221;30&#8243;][vc_column width=&#8221;1\/3&#8243;]<div class=\"qode-info-card\">\n\t\t\t<div class=\"qode-info-card-image\" style=\"background-color:#efefef\">\n\t\t\t<img decoding=\"async\" src=\"https:\/\/parquetspeinado.com\/wp-content\/uploads\/2021\/03\/visd_001djpg000ld-wpcf_150x150.jpg\" alt=\"\" \/>\n\t\t<\/div>\n\t\t<div class=\"qode-info-card-text-holder\" style=\"background-color:#efefef\">\n\t\t\t\t\t\t\t<p class=\"qode-info-card-text\" >\n\t\t\t\tFabricant l\u00edder europeu de terres de fusta multicapa des de 1941, any en qu\u00e8 va patentar el sistema de parquet multicapa. Aboca els esfor\u00e7os a mantenir un lloc d&amp;apos;avantguarda en desenvolupament, t\u00e8cnica i qualitat.\t\t\t<\/p>\n\t\t\t<\/div>\n\t\t\t<div class=\"qode-info-card-link-holder\">\n\t\t\t<a itemprop=\"url\" class=\"qode-qbutton-main-color qode-qbutton-full-width qode-qbutton-square\" href=\"https:\/\/parquetspeinado.com\/ca\/marques\/kahrs\/\" target=\"_self\" ><span>ANAR A K\u00c4HRS<\/span><\/a>\n\t\t<\/div>\n\t<\/div>[\/vc_column][vc_column width=&#8221;1\/3&#8243;]<div class=\"qode-info-card\">\n\t\t\t<div class=\"qode-info-card-image\" style=\"background-color:#efefef\">\n\t\t\t<img decoding=\"async\" src=\"https:\/\/parquetspeinado.com\/wp-content\/uploads\/2021\/03\/visd_001djpg00014-wpcf_150x150.jpg\" alt=\"\" \/>\n\t\t<\/div>\n\t\t<div class=\"qode-info-card-text-holder\" style=\"background-color:#efefef\">\n\t\t\t\t\t\t\t<p class=\"qode-info-card-text\" >\n\t\t\t\tEls parquets de Karelia estan fets de fusta aut\u00e8ntica. Cada terra \u00e9s un treball d&amp;apos;art individual amb la seva personalitat, que explica la seva pr\u00f2pia hist\u00f2ria \u00fanica. La seva llar es mereix una qualitat en qu\u00e8 pot confiar.\t\t\t<\/p>\n\t\t\t<\/div>\n\t\t\t<div class=\"qode-info-card-link-holder\">\n\t\t\t<a itemprop=\"url\" class=\"qode-qbutton-main-color qode-qbutton-full-width qode-qbutton-square\" href=\"https:\/\/parquetspeinado.com\/ca\/marques\/karelia\/\" target=\"_self\" ><span>ANAR A KARELIA<\/span><\/a>\n\t\t<\/div>\n\t<\/div>[\/vc_column][vc_column width=&#8221;1\/3&#8243;]<div class=\"qode-info-card\">\n\t\t\t<div class=\"qode-info-card-image\" style=\"background-color:#efefef\">\n\t\t\t<img decoding=\"async\" src=\"https:\/\/parquetspeinado.com\/wp-content\/uploads\/2021\/03\/visd_001djpg00028-wpcf_150x150.jpg\" alt=\"\" \/>\n\t\t<\/div>\n\t\t<div class=\"qode-info-card-text-holder\" style=\"background-color:#efefef\">\n\t\t\t\t\t\t\t<p class=\"qode-info-card-text\" >\n\t\t\t\tLa nostra pol\u00edtica empresarial s&#039;adre\u00e7a a l&#039;explotaci\u00f3 sostenible dels boscos i no a l&#039;explotaci\u00f3 abusiva dels recursos naturals. Com a fabricant de parquet l\u00edder d&#039;Alemanya som conscients del nostre paper de model i de guia, actuant conseq\u00fcentment.\t\t\t<\/p>\n\t\t\t<\/div>\n\t\t\t<div class=\"qode-info-card-link-holder\">\n\t\t\t<a itemprop=\"url\" class=\"qode-qbutton-main-color qode-qbutton-full-width qode-qbutton-square\" href=\"https:\/\/parquetspeinado.com\/ca\/marques\/haro\/\" target=\"_self\" ><span>ANAR A HARO<\/span><\/a>\n\t\t<\/div>\n\t<\/div>[\/vc_column][\/vc_row][vc_row css_animation=&#8221;&#8221; row_type=&#8221;row&#8221; use_row_as_full_screen_section=&#8221;no&#8221; type=&#8221;grid&#8221; angled_section=&#8221;no&#8221; text_align=&#8221;center&#8221; background_image_as_pattern=&#8221;without_pattern&#8221; z_index=&#8221;&#8221; padding_bottom=&#8221;60&#8243; padding_top=&#8221;30&#8243;][vc_column width=&#8221;1\/3&#8243;]<div class=\"qode-info-card\">\n\t\t\t<div class=\"qode-info-card-image\" style=\"background-color:#efefef\">\n\t\t\t<img decoding=\"async\" src=\"https:\/\/parquetspeinado.com\/wp-content\/uploads\/2021\/03\/visd_001djpg000ke-wpcf_150x150.jpg\" alt=\"\" \/>\n\t\t<\/div>\n\t\t<div class=\"qode-info-card-text-holder\" style=\"background-color:#efefef\">\n\t\t\t\t\t\t\t<p class=\"qode-info-card-text\" >\n\t\t\t\tEGGER, grup familiar creat el 1961 amb la seva seu social a St. Johann in Tirol (AU). Avui, la segona generaci\u00f3 ha pres el relleu a la direcci\u00f3 del grup.\t\t\t<\/p>\n\t\t\t<\/div>\n\t\t\t<div class=\"qode-info-card-link-holder\">\n\t\t\t<a itemprop=\"url\" class=\"qode-qbutton-main-color qode-qbutton-full-width qode-qbutton-square\" href=\"https:\/\/parquetspeinado.com\/ca\/marques\/egger-2\/\" target=\"_self\" ><span>ANAR A EGGER<\/span><\/a>\n\t\t<\/div>\n\t<\/div>[\/vc_column][vc_column width=&#8221;1\/3&#8243;]<div class=\"qode-info-card\">\n\t\t\t<div class=\"qode-info-card-image\" style=\"background-color:#efefef\">\n\t\t\t<img decoding=\"async\" src=\"https:\/\/parquetspeinado.com\/wp-content\/uploads\/2021\/04\/visd_001djpg0007h-wpcf_150x150.jpg\" alt=\"\" \/>\n\t\t<\/div>\n\t\t<div class=\"qode-info-card-text-holder\" style=\"background-color:#efefef\">\n\t\t\t\t\t\t\t<p class=\"qode-info-card-text\" >\n\t\t\t\tEmpresa l\u00edder de mercat en vernissos per a terres de fusta. Professionalitat, innovaci\u00f3, confian\u00e7a i comprom\u00eds en s\u00f3n els valors principals. A Bona ens dediquem al tractament i cura dels terres de fusta.\t\t\t<\/p>\n\t\t\t<\/div>\n\t\t\t<div class=\"qode-info-card-link-holder\">\n\t\t\t<a itemprop=\"url\" class=\"qode-qbutton-main-color qode-qbutton-full-width qode-qbutton-square\" href=\"https:\/\/parquetspeinado.com\/ca\/marques\/bona\/\" target=\"_self\" ><span>ANAR A BONA<\/span><\/a>\n\t\t<\/div>\n\t<\/div>[\/vc_column][vc_column width=&#8221;1\/3&#8243;]<div class=\"qode-info-card\">\n\t\t\t<div class=\"qode-info-card-image\" style=\"background-color:#efefef\">\n\t\t\t<img decoding=\"async\" src=\"https:\/\/parquetspeinado.com\/wp-content\/uploads\/2021\/03\/visd_001djpg00012-wpcf_150x150.jpg\" alt=\"\" \/>\n\t\t<\/div>\n\t\t<div class=\"qode-info-card-text-holder\" style=\"background-color:#efefef\">\n\t\t\t\t\t\t\t<p class=\"qode-info-card-text\" >\n\t\t\t\tPergo presenta la seva gamma m\u00e9s gran de productes. Trobi el teu terra favorit entre la nostra gamma de terres de laminat o en la nostra nova gamma de terres de vinil. I no oblideu complementar el vostre terra amb la nostra \u00e0mplia gamma d&amp;apos;accessoris a joc.\t\t\t<\/p>\n\t\t\t<\/div>\n\t\t\t<div class=\"qode-info-card-link-holder\">\n\t\t\t<a itemprop=\"url\" class=\"qode-qbutton-main-color qode-qbutton-full-width qode-qbutton-square\" href=\"https:\/\/parquetspeinado.com\/ca\/marques\/pergo\/\" target=\"_self\" ><span>ANAR A PERGO<\/span><\/a>\n\t\t<\/div>\n\t<\/div>[\/vc_column][\/vc_row][vc_row css_animation=&#8221;&#8221; row_type=&#8221;row&#8221; use_row_as_full_screen_section=&#8221;no&#8221; type=&#8221;grid&#8221; angled_section=&#8221;no&#8221; text_align=&#8221;center&#8221; background_image_as_pattern=&#8221;without_pattern&#8221; z_index=&#8221;&#8221; padding_bottom=&#8221;60&#8243; padding_top=&#8221;30&#8243;][vc_column width=&#8221;1\/3&#8243;]<div class=\"qode-info-card\">\n\t\t\t<div class=\"qode-info-card-image\" style=\"background-color:#efefef\">\n\t\t\t<img decoding=\"async\" src=\"https:\/\/parquetspeinado.com\/wp-content\/uploads\/2021\/03\/visd_001djpg0001t-wpcf_150x150.jpg\" alt=\"\" \/>\n\t\t<\/div>\n\t\t<div class=\"qode-info-card-text-holder\" style=\"background-color:#efefef\">\n\t\t\t\t\t\t\t<p class=\"qode-info-card-text\" >\n\t\t\t\tExterpark \u00e9s la marca capdavantera del mercat de les tarimes d&amp;apos;exterior. Exterpark \u00e9s calidesa i naturalitat per moltes raons. La fusta \u00e9s el material m\u00e9s noble, c\u00e0lid i exquisit que la natura ens regala. La fusta \u00e9s saviesa, \u00e9s energia, \u00e9s vida...\t\t\t<\/p>\n\t\t\t<\/div>\n\t\t\t<div class=\"qode-info-card-link-holder\">\n\t\t\t<a itemprop=\"url\" class=\"qode-qbutton-main-color qode-qbutton-full-width qode-qbutton-square\" href=\"https:\/\/parquetspeinado.com\/ca\/marques\/exterpark\/\" target=\"_self\" ><span>ANAR A EXTERPARK<\/span><\/a>\n\t\t<\/div>\n\t<\/div>[\/vc_column][vc_column width=&#8221;1\/3&#8243;]<div class=\"qode-info-card\">\n\t\t\t<div class=\"qode-info-card-image\" style=\"background-color:#efefef\">\n\t\t\t<img decoding=\"async\" src=\"https:\/\/parquetspeinado.com\/wp-content\/uploads\/2021\/03\/visd_001djpg000km-wpcf_150x150.jpg\" alt=\"\" \/>\n\t\t<\/div>\n\t\t<div class=\"qode-info-card-text-holder\" style=\"background-color:#efefef\">\n\t\t\t\t\t\t\t<p class=\"qode-info-card-text\" >\n\t\t\t\tLa tarima exterior de Millboard es una nueva e innovadora generaci\u00f3n de suelos de exterior anti-deslizamiento sin necesidad de mantenimiento.\t\t\t<\/p>\n\t\t\t<\/div>\n\t\t\t<div class=\"qode-info-card-link-holder\">\n\t\t\t<a itemprop=\"url\" class=\"qode-qbutton-main-color qode-qbutton-full-width qode-qbutton-square\" href=\"https:\/\/parquetspeinado.com\/ca\/marques\/millboard\/\" target=\"_self\" ><span>ANAR A MILLBOARD<\/span><\/a>\n\t\t<\/div>\n\t<\/div>[\/vc_column][vc_column width=&#8221;1\/3&#8243;]<div class=\"qode-info-card\">\n\t\t\t<div class=\"qode-info-card-image\" style=\"background-color:#efefef\">\n\t\t\t<img decoding=\"async\" src=\"https:\/\/parquetspeinado.com\/wp-content\/uploads\/2023\/12\/logo-designparquet-cuadrado.jpg\" alt=\"\" \/>\n\t\t<\/div>\n\t\t<div class=\"qode-info-card-text-holder\" style=\"background-color:#efefef\">\n\t\t\t\t\t\t\t<p class=\"qode-info-card-text\" >\n\t\t\t\tDes de fa m\u00e9s de 20 anys imaginem Pisos de parquet a la teva mesura. Per a fer aix\u00f2 ens adaptem als teus desitjos. \u00c9s escoltant-te, compartint amb vost\u00e8 la passi\u00f3 pel disseny d&#039;interiors que tenim.\t\t\t<\/p>\n\t\t\t<\/div>\n\t\t\t<div class=\"qode-info-card-link-holder\">\n\t\t\t<a itemprop=\"url\" class=\"qode-qbutton-main-color qode-qbutton-full-width qode-qbutton-square\" href=\"https:\/\/parquetspeinado.com\/ca\/marques\/design-parquet\/\" target=\"_self\" ><span>IR A DESIGN PARQUET<\/span><\/a>\n\t\t<\/div>\n\t<\/div>[\/vc_column][\/vc_row][vc_row css_animation=&#8221;&#8221; row_type=&#8221;row&#8221; use_row_as_full_screen_section=&#8221;no&#8221; type=&#8221;grid&#8221; angled_section=&#8221;no&#8221; text_align=&#8221;center&#8221; background_image_as_pattern=&#8221;without_pattern&#8221; z_index=&#8221;&#8221; padding_bottom=&#8221;60&#8243; padding_top=&#8221;30&#8243;][vc_column width=&#8221;1\/3&#8243;]<div class=\"qode-info-card\">\n\t\t\t<div class=\"qode-info-card-image\" style=\"background-color:#efefef\">\n\t\t\t<img decoding=\"async\" src=\"https:\/\/parquetspeinado.com\/wp-content\/uploads\/2023\/12\/logo-hywood-cuadrado.jpg\" alt=\"\" \/>\n\t\t<\/div>\n\t\t<div class=\"qode-info-card-text-holder\" style=\"background-color:#efefef\">\n\t\t\t\t\t\t\t<p class=\"qode-info-card-text\" >\n\t\t\t\tEst\u00e0 fet de fusta genu\u00efna, per\u00f2 no \u00e9s un parquet. \u00c9s altament resistent, per\u00f2 no \u00e9s un paviment de disseny. Junta el millor de dos mons per a donar lloc a una cosa totalment nova. Aix\u00ed \u00e9s Hywood, el paviment h\u00edbrid de fusta genu\u00efna altament resistent.\t\t\t<\/p>\n\t\t\t<\/div>\n\t\t\t<div class=\"qode-info-card-link-holder\">\n\t\t\t<a itemprop=\"url\" class=\"qode-qbutton-main-color qode-qbutton-full-width qode-qbutton-square\" href=\"https:\/\/parquetspeinado.com\/ca\/marques\/hywood\/\" target=\"_self\" ><span>IR A HYWOOD<\/span><\/a>\n\t\t<\/div>\n\t<\/div>[\/vc_column][vc_column width=&#8221;1\/3&#8243;]<div class=\"qode-info-card\">\n\t\t\t<div class=\"qode-info-card-image\" style=\"background-color:#efefef\">\n\t\t\t<img decoding=\"async\" src=\"https:\/\/parquetspeinado.com\/wp-content\/uploads\/2023\/12\/logo-compoflooring-cuadrado.jpg\" alt=\"\" \/>\n\t\t<\/div>\n\t\t<div class=\"qode-info-card-text-holder\" style=\"background-color:#efefef\">\n\t\t\t\t\t\t\t<p class=\"qode-info-card-text\" >\n\t\t\t\t100% RESISTENT A L&#039;AIGUA. Est\u00e0s buscant un s\u00f2l que aguanti sabates brutes, nens que converteixen el bany en una piscina, convidats que entren amb els peus mullats o simplement li demanes al s\u00f2l que aguanti l&#039;aigua permanentment? Llavors el s\u00f2l ideal \u00e9s COMPOflooring\u00ae\t\t\t<\/p>\n\t\t\t<\/div>\n\t\t\t<div class=\"qode-info-card-link-holder\">\n\t\t\t<a itemprop=\"url\" class=\"qode-qbutton-main-color qode-qbutton-full-width qode-qbutton-square\" href=\"https:\/\/parquetspeinado.com\/ca\/marques\/compoflooring\/\" target=\"_self\" ><span>IR A COMPOflooring<\/span><\/a>\n\t\t<\/div>\n\t<\/div>[\/vc_column][vc_column width=&#8221;1\/3&#8243;][\/vc_column][\/vc_row][vc_row css_animation=&#8221;&#8221; row_type=&#8221;row&#8221; use_row_as_full_screen_section=&#8221;no&#8221; type=&#8221;grid&#8221; angled_section=&#8221;no&#8221; text_align=&#8221;center&#8221; background_image_as_pattern=&#8221;without_pattern&#8221; z_index=&#8221;&#8221; padding_bottom=&#8221;60&#8243; padding_top=&#8221;30&#8243;][vc_column width=&#8221;1\/3&#8243;][\/vc_column][vc_column width=&#8221;1\/3&#8243;][\/vc_column][vc_column width=&#8221;1\/3&#8243;][\/vc_column][\/vc_row]<\/p>\n<\/div>","protected":false},"excerpt":{"rendered":"<p>[vc_row css_animation=&#8221;&#8221; row_type=&#8221;row&#8221; use_row_as_full_screen_section=&#8221;no&#8221; type=&#8221;grid&#8221; angled_section=&#8221;no&#8221; text_align=&#8221;left&#8221; background_image_as_pattern=&#8221;without_pattern&#8221; z_index=&#8221;&#8221;][vc_column][vc_empty_space][\/vc_column][\/vc_row][vc_row css_animation=&#8221;&#8221; row_type=&#8221;row&#8221; use_row_as_full_screen_section=&#8221;no&#8221; type=&#8221;grid&#8221; angled_section=&#8221;no&#8221; text_align=&#8221;left&#8221; background_image_as_pattern=&#8221;without_pattern&#8221; z_index=&#8221;&#8221; css=&#8221;.vc_custom_1615477468623{background-image: url(https:\/\/parquetspeinado.com\/wp-content\/uploads\/2021\/03\/fondo2.png?id=15385) !important;background-position: center !important;background-repeat: no-repeat !important;background-size: cover !important;}&#8221; padding_bottom=&#8221;60&#8243;][vc_column][vc_single_image image=&#8221;16343&#8243; img_size=&#8221;full&#8221; alignment=&#8221;center&#8221; qode_css_animation=&#8221;&#8221;][vc_separator type=&#8221;transparent&#8221; up=&#8221;23&#8243; down=&#8221;0&#8243;][vc_column_text] LA MILLOR SELECCI\u00d3 DE PRODUCTES [\/vc_column_text][vc_separator type=&#8221;transparent&#8221; up=&#8221;15&#8243; down=&#8221;0&#8243;][vc_column_text] Com a&#8230;<\/p>\n","protected":false},"author":1,"featured_media":0,"parent":0,"menu_order":0,"comment_status":"open","ping_status":"open","template":"full_width.php","meta":{"footnotes":""},"class_list":["post-16570","page","type-page","status-publish","hentry"],"_links":{"self":[{"href":"https:\/\/parquetspeinado.com\/ca\/wp-json\/wp\/v2\/pages\/16570","targetHints":{"allow":["GET"]}}],"collection":[{"href":"https:\/\/parquetspeinado.com\/ca\/wp-json\/wp\/v2\/pages"}],"about":[{"href":"https:\/\/parquetspeinado.com\/ca\/wp-json\/wp\/v2\/types\/page"}],"author":[{"embeddable":true,"href":"https:\/\/parquetspeinado.com\/ca\/wp-json\/wp\/v2\/users\/1"}],"replies":[{"embeddable":true,"href":"https:\/\/parquetspeinado.com\/ca\/wp-json\/wp\/v2\/comments?post=16570"}],"version-history":[{"count":12,"href":"https:\/\/parquetspeinado.com\/ca\/wp-json\/wp\/v2\/pages\/16570\/revisions"}],"predecessor-version":[{"id":17875,"href":"https:\/\/parquetspeinado.com\/ca\/wp-json\/wp\/v2\/pages\/16570\/revisions\/17875"}],"wp:attachment":[{"href":"https:\/\/parquetspeinado.com\/ca\/wp-json\/wp\/v2\/media?parent=16570"}],"curies":[{"name":"wp","href":"https:\/\/api.w.org\/{rel}","templated":true}]}}